{"id":17,"date":"2024-06-30T18:03:19","date_gmt":"2024-06-30T18:03:19","guid":{"rendered":"https:\/\/sprawapowszechna.org\/?page_id=17"},"modified":"2026-04-07T11:36:52","modified_gmt":"2026-04-07T11:36:52","slug":"artykuly","status":"publish","type":"page","link":"https:\/\/sprawapowszechna.org\/?page_id=17","title":{"rendered":"Artyku\u0142y"},"content":{"rendered":"\n<div class=\"wp-block-query is-layout-flow wp-block-query-is-layout-flow\"><ul class=\"wp-block-post-template is-layout-flow wp-block-post-template-is-layout-flow\"><li class=\"wp-block-post post-1292 post type-post status-publish format-standard has-post-thumbnail hentry category-artykul\">\n<figure class=\"wp-block-post-featured-image\"><a href=\"https:\/\/sprawapowszechna.org\/?p=1292\" target=\"_self\"  ><img loading=\"lazy\" decoding=\"async\" width=\"1600\" height=\"900\" src=\"https:\/\/sprawapowszechna.org\/wp-content\/uploads\/2026\/05\/2.jpeg\" class=\"attachment-post-thumbnail size-post-thumbnail wp-post-image\" alt=\"Pierwszy Maja 2026 &#8211; Relacja krajowa\" style=\"object-fit:cover;\" srcset=\"https:\/\/sprawapowszechna.org\/wp-content\/uploads\/2026\/05\/2.jpeg 1600w, https:\/\/sprawapowszechna.org\/wp-content\/uploads\/2026\/05\/2-300x169.jpeg 300w, https:\/\/sprawapowszechna.org\/wp-content\/uploads\/2026\/05\/2-1024x576.jpeg 1024w, https:\/\/sprawapowszechna.org\/wp-content\/uploads\/2026\/05\/2-768x432.jpeg 768w, https:\/\/sprawapowszechna.org\/wp-content\/uploads\/2026\/05\/2-1536x864.jpeg 1536w\" sizes=\"auto, (max-width: 1600px) 100vw, 1600px\" \/><\/a><\/figure>\n\n<div class=\"wp-block-post-date\"><time datetime=\"2026-05-03T23:34:32+00:00\">3 maja, 2026<\/time><\/div>\n\n<h2 class=\"wp-block-post-title\">Pierwszy Maja 2026 &#8211; Relacja krajowa<\/h2>\n<\/li><li class=\"wp-block-post post-1102 post type-post status-publish format-standard has-post-thumbnail hentry category-artykul\">\n<figure class=\"wp-block-post-featured-image\"><a href=\"https:\/\/sprawapowszechna.org\/?p=1102\" target=\"_self\"  ><img loading=\"lazy\" decoding=\"async\" width=\"664\" height=\"442\" src=\"https:\/\/sprawapowszechna.org\/wp-content\/uploads\/2026\/03\/gf-Kr2u-mXkv-mjwo_p-w-polska-664x442-nocrop-3615464313.jpg\" class=\"attachment-post-thumbnail size-post-thumbnail wp-post-image\" alt=\"Pracownicy przemys\u0142owymi z Kalisza \u2013 Przeciwko planom zwolnie\u0144, Operacji Kagar i militaryzacji\" style=\"object-fit:cover;\" srcset=\"https:\/\/sprawapowszechna.org\/wp-content\/uploads\/2026\/03\/gf-Kr2u-mXkv-mjwo_p-w-polska-664x442-nocrop-3615464313.jpg 664w, https:\/\/sprawapowszechna.org\/wp-content\/uploads\/2026\/03\/gf-Kr2u-mXkv-mjwo_p-w-polska-664x442-nocrop-3615464313-300x200.jpg 300w\" sizes=\"auto, (max-width: 664px) 100vw, 664px\" \/><\/a><\/figure>\n\n<div class=\"wp-block-post-date\"><time datetime=\"2026-03-29T09:02:00+00:00\">29 marca, 2026<\/time><\/div>\n\n<h2 class=\"wp-block-post-title\">Pracownicy przemys\u0142owymi z Kalisza \u2013 Przeciwko planom zwolnie\u0144, Operacji Kagar i militaryzacji<\/h2>\n<\/li><li class=\"wp-block-post post-1053 post type-post status-publish format-standard has-post-thumbnail hentry category-artykul\">\n<figure class=\"wp-block-post-featured-image\"><a href=\"https:\/\/sprawapowszechna.org\/?p=1053\" target=\"_self\"  ><img loading=\"lazy\" decoding=\"async\" width=\"2560\" height=\"1707\" src=\"https:\/\/sprawapowszechna.org\/wp-content\/uploads\/2026\/03\/zdjtitlealt-scaled.jpg\" class=\"attachment-post-thumbnail size-post-thumbnail wp-post-image\" alt=\"Mi\u0119dzynarodowy Dzie\u0144 Kobiet Pracuj\u0105cych w Polsce\" style=\"object-fit:cover;\" srcset=\"https:\/\/sprawapowszechna.org\/wp-content\/uploads\/2026\/03\/zdjtitlealt-scaled.jpg 2560w, https:\/\/sprawapowszechna.org\/wp-content\/uploads\/2026\/03\/zdjtitlealt-300x200.jpg 300w, https:\/\/sprawapowszechna.org\/wp-content\/uploads\/2026\/03\/zdjtitlealt-1024x683.jpg 1024w, https:\/\/sprawapowszechna.org\/wp-content\/uploads\/2026\/03\/zdjtitlealt-768x512.jpg 768w, https:\/\/sprawapowszechna.org\/wp-content\/uploads\/2026\/03\/zdjtitlealt-1536x1024.jpg 1536w, https:\/\/sprawapowszechna.org\/wp-content\/uploads\/2026\/03\/zdjtitlealt-2048x1365.jpg 2048w\" sizes=\"auto, (max-width: 2560px) 100vw, 2560px\" \/><\/a><\/figure>\n\n<div class=\"wp-block-post-date\"><time datetime=\"2026-03-09T16:55:10+00:00\">9 marca, 2026<\/time><\/div>\n\n<h2 class=\"wp-block-post-title\">Mi\u0119dzynarodowy Dzie\u0144 Kobiet Pracuj\u0105cych w Polsce<\/h2>\n<\/li><li class=\"wp-block-post post-1046 post type-post status-publish format-standard has-post-thumbnail hentry category-oswiadczenie\">\n<figure class=\"wp-block-post-featured-image\"><a href=\"https:\/\/sprawapowszechna.org\/?p=1046\" target=\"_self\"  ><img loading=\"lazy\" decoding=\"async\" width=\"1000\" height=\"1000\" src=\"https:\/\/sprawapowszechna.org\/wp-content\/uploads\/2026\/03\/kafel1title.png\" class=\"attachment-post-thumbnail size-post-thumbnail wp-post-image\" alt=\"Precz z wojn\u0105 wobec Iranu! Niech \u017byje P\u0142omie\u0144 Obrony!\" style=\"object-fit:cover;\" srcset=\"https:\/\/sprawapowszechna.org\/wp-content\/uploads\/2026\/03\/kafel1title.png 1000w, https:\/\/sprawapowszechna.org\/wp-content\/uploads\/2026\/03\/kafel1title-300x300.png 300w, https:\/\/sprawapowszechna.org\/wp-content\/uploads\/2026\/03\/kafel1title-150x150.png 150w, https:\/\/sprawapowszechna.org\/wp-content\/uploads\/2026\/03\/kafel1title-768x768.png 768w\" sizes=\"auto, (max-width: 1000px) 100vw, 1000px\" \/><\/a><\/figure>\n\n<div class=\"wp-block-post-date\"><time datetime=\"2026-03-04T17:11:38+00:00\">4 marca, 2026<\/time><\/div>\n\n<h2 class=\"wp-block-post-title\">Precz z wojn\u0105 wobec Iranu! Niech \u017byje P\u0142omie\u0144 Obrony!<\/h2>\n<\/li><li class=\"wp-block-post post-1027 post type-post status-publish format-standard has-post-thumbnail hentry category-artykul\">\n<figure class=\"wp-block-post-featured-image\"><a href=\"https:\/\/sprawapowszechna.org\/?p=1027\" target=\"_self\"  ><img loading=\"lazy\" decoding=\"async\" width=\"2560\" height=\"1920\" src=\"https:\/\/sprawapowszechna.org\/wp-content\/uploads\/2026\/02\/post-scaled.png\" class=\"attachment-post-thumbnail size-post-thumbnail wp-post-image\" alt=\"Sukces konferencji o Palesty\u0144skim Ruchu Oporu Narodowego\" style=\"object-fit:cover;\" srcset=\"https:\/\/sprawapowszechna.org\/wp-content\/uploads\/2026\/02\/post-scaled.png 2560w, https:\/\/sprawapowszechna.org\/wp-content\/uploads\/2026\/02\/post-300x225.png 300w, https:\/\/sprawapowszechna.org\/wp-content\/uploads\/2026\/02\/post-1024x768.png 1024w, https:\/\/sprawapowszechna.org\/wp-content\/uploads\/2026\/02\/post-768x576.png 768w, https:\/\/sprawapowszechna.org\/wp-content\/uploads\/2026\/02\/post-1536x1152.png 1536w, https:\/\/sprawapowszechna.org\/wp-content\/uploads\/2026\/02\/post-2048x1536.png 2048w\" sizes=\"auto, (max-width: 2560px) 100vw, 2560px\" \/><\/a><\/figure>\n\n<div class=\"wp-block-post-date\"><time datetime=\"2026-02-23T17:48:01+00:00\">23 lutego, 2026<\/time><\/div>\n\n<h2 class=\"wp-block-post-title\">Sukces konferencji o Palesty\u0144skim Ruchu Oporu Narodowego<\/h2>\n<\/li><li class=\"wp-block-post post-995 post type-post status-publish format-standard has-post-thumbnail hentry category-artykul\">\n<figure class=\"wp-block-post-featured-image\"><a href=\"https:\/\/sprawapowszechna.org\/?p=995\" target=\"_self\"  ><img loading=\"lazy\" decoding=\"async\" width=\"1080\" height=\"1080\" src=\"https:\/\/sprawapowszechna.org\/wp-content\/uploads\/2026\/02\/okladka.png\" class=\"attachment-post-thumbnail size-post-thumbnail wp-post-image\" alt=\"O Poradniku\" style=\"object-fit:cover;\" srcset=\"https:\/\/sprawapowszechna.org\/wp-content\/uploads\/2026\/02\/okladka.png 1080w, https:\/\/sprawapowszechna.org\/wp-content\/uploads\/2026\/02\/okladka-300x300.png 300w, https:\/\/sprawapowszechna.org\/wp-content\/uploads\/2026\/02\/okladka-1024x1024.png 1024w, https:\/\/sprawapowszechna.org\/wp-content\/uploads\/2026\/02\/okladka-150x150.png 150w, https:\/\/sprawapowszechna.org\/wp-content\/uploads\/2026\/02\/okladka-768x768.png 768w\" sizes=\"auto, (max-width: 1080px) 100vw, 1080px\" \/><\/a><\/figure>\n\n<div class=\"wp-block-post-date\"><time datetime=\"2026-02-07T00:58:54+00:00\">7 lutego, 2026<\/time><\/div>\n\n<h2 class=\"wp-block-post-title\">O Poradniku<\/h2>\n<\/li><li class=\"wp-block-post post-968 post type-post status-publish format-standard has-post-thumbnail hentry category-artykul\">\n<figure class=\"wp-block-post-featured-image\"><a href=\"https:\/\/sprawapowszechna.org\/?p=968\" target=\"_self\"  ><img loading=\"lazy\" decoding=\"async\" width=\"1200\" height=\"1200\" src=\"https:\/\/sprawapowszechna.org\/wp-content\/uploads\/2025\/12\/title.png\" class=\"attachment-post-thumbnail size-post-thumbnail wp-post-image\" alt=\"Akcje Solidarno\u015bciowe Stop Operacji Kagar!\" style=\"object-fit:cover;\" srcset=\"https:\/\/sprawapowszechna.org\/wp-content\/uploads\/2025\/12\/title.png 1200w, https:\/\/sprawapowszechna.org\/wp-content\/uploads\/2025\/12\/title-300x300.png 300w, https:\/\/sprawapowszechna.org\/wp-content\/uploads\/2025\/12\/title-1024x1024.png 1024w, https:\/\/sprawapowszechna.org\/wp-content\/uploads\/2025\/12\/title-150x150.png 150w, https:\/\/sprawapowszechna.org\/wp-content\/uploads\/2025\/12\/title-768x768.png 768w\" sizes=\"auto, (max-width: 1200px) 100vw, 1200px\" \/><\/a><\/figure>\n\n<div class=\"wp-block-post-date\"><time datetime=\"2025-12-31T15:54:38+00:00\">31 grudnia, 2025<\/time><\/div>\n\n<h2 class=\"wp-block-post-title\">Akcje Solidarno\u015bciowe Stop Operacji Kagar!<\/h2>\n<\/li><li class=\"wp-block-post post-953 post type-post status-publish format-standard has-post-thumbnail hentry category-artykul\">\n<figure class=\"wp-block-post-featured-image\"><a href=\"https:\/\/sprawapowszechna.org\/?p=953\" target=\"_self\"  ><img loading=\"lazy\" decoding=\"async\" width=\"1024\" height=\"1024\" src=\"https:\/\/sprawapowszechna.org\/wp-content\/uploads\/2025\/12\/Kagarnewig.png\" class=\"attachment-post-thumbnail size-post-thumbnail wp-post-image\" alt=\"Stop Operacji Kagar! Przeciw masakrom w Indiach\" style=\"object-fit:cover;\" srcset=\"https:\/\/sprawapowszechna.org\/wp-content\/uploads\/2025\/12\/Kagarnewig.png 1024w, https:\/\/sprawapowszechna.org\/wp-content\/uploads\/2025\/12\/Kagarnewig-300x300.png 300w, https:\/\/sprawapowszechna.org\/wp-content\/uploads\/2025\/12\/Kagarnewig-150x150.png 150w, https:\/\/sprawapowszechna.org\/wp-content\/uploads\/2025\/12\/Kagarnewig-768x768.png 768w\" sizes=\"auto, (max-width: 1024px) 100vw, 1024px\" \/><\/a><\/figure>\n\n<div class=\"wp-block-post-date\"><time datetime=\"2025-12-17T13:36:51+00:00\">17 grudnia, 2025<\/time><\/div>\n\n<h2 class=\"wp-block-post-title\">Stop Operacji Kagar! Przeciw masakrom w Indiach<\/h2>\n<\/li><li class=\"wp-block-post post-937 post type-post status-publish format-standard has-post-thumbnail hentry category-artykul\">\n<figure class=\"wp-block-post-featured-image\"><a href=\"https:\/\/sprawapowszechna.org\/?p=937\" target=\"_self\"  ><img loading=\"lazy\" decoding=\"async\" width=\"810\" height=\"810\" src=\"https:\/\/sprawapowszechna.org\/wp-content\/uploads\/2025\/11\/title.png\" class=\"attachment-post-thumbnail size-post-thumbnail wp-post-image\" alt=\"Wojna przeciw Ameryce Po\u0142udniowej &#8211; Imperialny terror na ca\u0142ej p\u00f3\u0142kuli\" style=\"object-fit:cover;\" srcset=\"https:\/\/sprawapowszechna.org\/wp-content\/uploads\/2025\/11\/title.png 810w, https:\/\/sprawapowszechna.org\/wp-content\/uploads\/2025\/11\/title-300x300.png 300w, https:\/\/sprawapowszechna.org\/wp-content\/uploads\/2025\/11\/title-150x150.png 150w, https:\/\/sprawapowszechna.org\/wp-content\/uploads\/2025\/11\/title-768x768.png 768w\" sizes=\"auto, (max-width: 810px) 100vw, 810px\" \/><\/a><\/figure>\n\n<div class=\"wp-block-post-date\"><time datetime=\"2025-11-02T16:07:36+00:00\">2 listopada, 2025<\/time><\/div>\n\n<h2 class=\"wp-block-post-title\">Wojna przeciw Ameryce Po\u0142udniowej &#8211; Imperialny terror na ca\u0142ej p\u00f3\u0142kuli<\/h2>\n<\/li><li class=\"wp-block-post post-887 post type-post status-publish format-standard has-post-thumbnail hentry category-artykul\">\n<figure class=\"wp-block-post-featured-image\"><a href=\"https:\/\/sprawapowszechna.org\/?p=887\" target=\"_self\"  ><img loading=\"lazy\" decoding=\"async\" width=\"609\" height=\"609\" src=\"https:\/\/sprawapowszechna.org\/wp-content\/uploads\/2025\/10\/EDITED.png\" class=\"attachment-post-thumbnail size-post-thumbnail wp-post-image\" alt=\"Pa\u017adziernik miesi\u0105cem Palesty\u0144skiego oporu\" style=\"object-fit:cover;\" srcset=\"https:\/\/sprawapowszechna.org\/wp-content\/uploads\/2025\/10\/EDITED.png 609w, https:\/\/sprawapowszechna.org\/wp-content\/uploads\/2025\/10\/EDITED-300x300.png 300w, https:\/\/sprawapowszechna.org\/wp-content\/uploads\/2025\/10\/EDITED-150x150.png 150w\" sizes=\"auto, (max-width: 609px) 100vw, 609px\" \/><\/a><\/figure>\n\n<div class=\"wp-block-post-date\"><time datetime=\"2025-10-18T18:55:52+00:00\">18 pa\u017adziernika, 2025<\/time><\/div>\n\n<h2 class=\"wp-block-post-title\">Pa\u017adziernik miesi\u0105cem Palesty\u0144skiego oporu<\/h2>\n<\/li><\/ul>\n\n<nav class=\"wp-block-query-pagination is-layout-flex wp-block-query-pagination-is-layout-flex\" aria-label=\"Stronicowanie\">\n\n\n<div class=\"wp-block-query-pagination-numbers\"><span aria-current=\"page\" class=\"page-numbers current\">1<\/span>\n<a class=\"page-numbers\" href=\"?query-98-page=2&#038;rest_route=%2Fwp%2Fv2%2Fpages%2F17\">2<\/a>\n<a class=\"page-numbers\" href=\"?query-98-page=3&#038;rest_route=%2Fwp%2Fv2%2Fpages%2F17\">3<\/a><\/div>\n\n<a href=\"\/index.php?rest_route=%2Fwp%2Fv2%2Fpages%2F17&#038;query-98-page=2\" class=\"wp-block-query-pagination-next\">Nast\u0119pna strona<\/a>\n<\/nav>\n\n<\/div>\n","protected":false},"excerpt":{"rendered":"","protected":false},"author":1,"featured_media":0,"parent":0,"menu_order":0,"comment_status":"closed","ping_status":"closed","template":"","meta":{"footnotes":""},"class_list":["post-17","page","type-page","status-publish","hentry"],"_links":{"self":[{"href":"https:\/\/sprawapowszechna.org\/index.php?rest_route=\/wp\/v2\/pages\/17","targetHints":{"allow":["GET"]}}],"collection":[{"href":"https:\/\/sprawapowszechna.org\/index.php?rest_route=\/wp\/v2\/pages"}],"about":[{"href":"https:\/\/sprawapowszechna.org\/index.php?rest_route=\/wp\/v2\/types\/page"}],"author":[{"embeddable":true,"href":"https:\/\/sprawapowszechna.org\/index.php?rest_route=\/wp\/v2\/users\/1"}],"replies":[{"embeddable":true,"href":"https:\/\/sprawapowszechna.org\/index.php?rest_route=%2Fwp%2Fv2%2Fcomments&post=17"}],"version-history":[{"count":5,"href":"https:\/\/sprawapowszechna.org\/index.php?rest_route=\/wp\/v2\/pages\/17\/revisions"}],"predecessor-version":[{"id":1243,"href":"https:\/\/sprawapowszechna.org\/index.php?rest_route=\/wp\/v2\/pages\/17\/revisions\/1243"}],"wp:attachment":[{"href":"https:\/\/sprawapowszechna.org\/index.php?rest_route=%2Fwp%2Fv2%2Fmedia&parent=17"}],"curies":[{"name":"wp","href":"https:\/\/api.w.org\/{rel}","templated":true}]}}